{"id":1340,"date":"2016-04-29T22:23:22","date_gmt":"2016-04-30T04:23:22","guid":{"rendered":"https:\/\/www.rannetwork.com\/message\/"},"modified":"2020-05-08T14:40:47","modified_gmt":"2020-05-08T20:40:47","slug":"message","status":"publish","type":"page","link":"https:\/\/rannetwork.com\/fr\/message\/","title":{"rendered":"Notre Message"},"content":{"rendered":"[vc_row type=\u00a0\u00bbin_container\u00a0\u00bb full_screen_row_position=\u00a0\u00bbmiddle\u00a0\u00bb column_margin=\u00a0\u00bbdefault\u00a0\u00bb column_direction=\u00a0\u00bbdefault\u00a0\u00bb column_direction_tablet=\u00a0\u00bbdefault\u00a0\u00bb column_direction_phone=\u00a0\u00bbdefault\u00a0\u00bb scene_position=\u00a0\u00bbcenter\u00a0\u00bb top_padding=\u00a0\u00bb50&Prime; bottom_padding=\u00a0\u00bb50&Prime; text_color=\u00a0\u00bbdark\u00a0\u00bb text_align=\u00a0\u00bbleft\u00a0\u00bb row_border_radius=\u00a0\u00bbnone\u00a0\u00bb row_border_radius_applies=\u00a0\u00bbbg\u00a0\u00bb overlay_strength=\u00a0\u00bb0.3&Prime; gradient_direction=\u00a0\u00bbleft_to_right\u00a0\u00bb shape_divider_position=\u00a0\u00bbbottom\u00a0\u00bb bg_image_animation=\u00a0\u00bbnone\u00a0\u00bb][vc_column column_padding=\u00a0\u00bbno-extra-padding\u00a0\u00bb column_padding_tablet=\u00a0\u00bbinherit\u00a0\u00bb column_padding_phone=\u00a0\u00bbinherit\u00a0\u00bb column_padding_position=\u00a0\u00bball\u00a0\u00bb background_color_opacity=\u00a0\u00bb1&Prime; background_hover_color_opacity=\u00a0\u00bb1&Prime; column_shadow=\u00a0\u00bbnone\u00a0\u00bb column_border_radius=\u00a0\u00bbnone\u00a0\u00bb column_link_target=\u00a0\u00bb_self\u00a0\u00bb gradient_direction=\u00a0\u00bbleft_to_right\u00a0\u00bb overlay_strength=\u00a0\u00bb0.3&Prime; width=\u00a0\u00bb1\/1&Prime; tablet_width_inherit=\u00a0\u00bbdefault\u00a0\u00bb tablet_text_alignment=\u00a0\u00bbdefault\u00a0\u00bb phone_text_alignment=\u00a0\u00bbdefault\u00a0\u00bb column_border_width=\u00a0\u00bbnone\u00a0\u00bb column_border_style=\u00a0\u00bbsolid\u00a0\u00bb bg_image_animation=\u00a0\u00bbnone\u00a0\u00bb][vc_column_text]\n<h1>Notre Message<\/h1>\n[\/vc_column_text][divider line_type=\u00a0\u00bbNo Line\u00a0\u00bb custom_height=\u00a0\u00bb30&Prime;][vc_column_text]<strong>\u00ab\u00a0\u2026jusqu\u2019aux extr\u00e9mit\u00e9s de la terre\u00a0\u00bb<\/strong><br \/>\n<strong>Focalis\u00e9s sur les non atteints\u2026<\/strong><br \/>\n<strong>Prioriser ceux qui sont sans t\u00e9moignage \u00e9vang\u00e9lique&#8230;<\/strong><br \/>\n<strong>Employer tous les moyens possibles\u2026<\/strong><br \/>\n<strong>Pour implanter des \u00e9glises o\u00f9 il n\u2019y en a pas.<\/strong><br \/>\nAux limites du Royaume de Dieu, nous trouvons des communaut\u00e9s qui n\u2019ont pas entendu l\u2019\u00e9vangile, des personnes qui n\u2019ont pas pu observer la vie d\u2019un vrai disciple de J\u00e9sus, et des groupes entiers de population qui ne connaissent aujourd\u2019hui encore aucune expression du corps de Christ.<\/p>\n<p>Jusqu\u2019o\u00f9 iriez-vous pour transmettre un message? Nous sommes pouss\u00e9s \u00e0 aller jusqu&rsquo;aux extr\u00e9mit\u00e9s de la terre.<\/p>\n<p>Il s\u2019agit du grand ordre de mission, notre mission.<\/p>\n<p>Venez nous rejoindre![\/vc_column_text][\/vc_column][\/vc_row]\n","protected":false},"excerpt":{"rendered":"<p>[vc_row type=\u00a0\u00bbin_container\u00a0\u00bb full_screen_row_position=\u00a0\u00bbmiddle\u00a0\u00bb column_margin=\u00a0\u00bbdefault\u00a0\u00bb column_direction=\u00a0\u00bbdefault\u00a0\u00bb column_direction_tablet=\u00a0\u00bbdefault\u00a0\u00bb column_direction_phone=\u00a0\u00bbdefault\u00a0\u00bb scene_position=\u00a0\u00bbcenter\u00a0\u00bb top_padding=\u00a0\u00bb50&Prime; bottom_padding=\u00a0\u00bb50&Prime; text_color=\u00a0\u00bbdark\u00a0\u00bb text_align=\u00a0\u00bbleft\u00a0\u00bb row_border_radius=\u00a0\u00bbnone\u00a0\u00bb row_border_radius_applies=\u00a0\u00bbbg\u00a0\u00bb overlay_strength=\u00a0\u00bb0.3&Prime;&#8230;<\/p>\n","protected":false},"author":1,"featured_media":0,"parent":0,"menu_order":0,"comment_status":"closed","ping_status":"closed","template":"","meta":{"_acf_changed":false,"footnotes":""},"class_list":["post-1340","page","type-page","status-publish"],"acf":[],"yoast_head":"<!-- This site is optimized with the Yoast SEO plugin v27.3 - https:\/\/yoast.com\/product\/yoast-seo-wordpress\/ -->\n<title>Notre Message - RAN Network<\/title>\n<meta name=\"robots\" content=\"index, follow, max-snippet:-1, max-image-preview:large, max-video-preview:-1\" \/>\n<link rel=\"canonical\" href=\"https:\/\/rannetwork.com\/fr\/message\/\" \/>\n<meta property=\"og:locale\" content=\"fr_FR\" \/>\n<meta property=\"og:type\" content=\"article\" \/>\n<meta property=\"og:title\" content=\"Notre Message - RAN Network\" \/>\n<meta property=\"og:description\" content=\"[vc_row type=\u00a0\u00bbin_container\u00a0\u00bb full_screen_row_position=\u00a0\u00bbmiddle\u00a0\u00bb column_margin=\u00a0\u00bbdefault\u00a0\u00bb column_direction=\u00a0\u00bbdefault\u00a0\u00bb column_direction_tablet=\u00a0\u00bbdefault\u00a0\u00bb column_direction_phone=\u00a0\u00bbdefault\u00a0\u00bb scene_position=\u00a0\u00bbcenter\u00a0\u00bb top_padding=\u00a0\u00bb50&Prime; bottom_padding=\u00a0\u00bb50&Prime; text_color=\u00a0\u00bbdark\u00a0\u00bb text_align=\u00a0\u00bbleft\u00a0\u00bb row_border_radius=\u00a0\u00bbnone\u00a0\u00bb row_border_radius_applies=\u00a0\u00bbbg\u00a0\u00bb overlay_strength=\u00a0\u00bb0.3&Prime;...\" \/>\n<meta property=\"og:url\" content=\"https:\/\/rannetwork.com\/fr\/message\/\" \/>\n<meta property=\"og:site_name\" content=\"RAN Network\" \/>\n<meta property=\"article:modified_time\" content=\"2020-05-08T20:40:47+00:00\" \/>\n<meta name=\"twitter:card\" content=\"summary_large_image\" \/>\n<meta name=\"twitter:label1\" content=\"Dur\u00e9e de lecture estim\u00e9e\" \/>\n\t<meta name=\"twitter:data1\" content=\"1 minute\" \/>\n<script type=\"application\/ld+json\" class=\"yoast-schema-graph\">{\"@context\":\"https:\\\/\\\/schema.org\",\"@graph\":[{\"@type\":\"WebPage\",\"@id\":\"https:\\\/\\\/rannetwork.com\\\/fr\\\/message\\\/\",\"url\":\"https:\\\/\\\/rannetwork.com\\\/fr\\\/message\\\/\",\"name\":\"Notre Message - RAN Network\",\"isPartOf\":{\"@id\":\"https:\\\/\\\/rannetwork.com\\\/#website\"},\"datePublished\":\"2016-04-30T04:23:22+00:00\",\"dateModified\":\"2020-05-08T20:40:47+00:00\",\"breadcrumb\":{\"@id\":\"https:\\\/\\\/rannetwork.com\\\/fr\\\/message\\\/#breadcrumb\"},\"inLanguage\":\"fr-FR\",\"potentialAction\":[{\"@type\":\"ReadAction\",\"target\":[\"https:\\\/\\\/rannetwork.com\\\/fr\\\/message\\\/\"]}]},{\"@type\":\"BreadcrumbList\",\"@id\":\"https:\\\/\\\/rannetwork.com\\\/fr\\\/message\\\/#breadcrumb\",\"itemListElement\":[{\"@type\":\"ListItem\",\"position\":1,\"name\":\"Home\",\"item\":\"https:\\\/\\\/rannetwork.com\\\/fr\\\/\"},{\"@type\":\"ListItem\",\"position\":2,\"name\":\"Notre Message\"}]},{\"@type\":\"WebSite\",\"@id\":\"https:\\\/\\\/rannetwork.com\\\/#website\",\"url\":\"https:\\\/\\\/rannetwork.com\\\/\",\"name\":\"RAN Network\",\"description\":\"\",\"potentialAction\":[{\"@type\":\"SearchAction\",\"target\":{\"@type\":\"EntryPoint\",\"urlTemplate\":\"https:\\\/\\\/rannetwork.com\\\/?s={search_term_string}\"},\"query-input\":{\"@type\":\"PropertyValueSpecification\",\"valueRequired\":true,\"valueName\":\"search_term_string\"}}],\"inLanguage\":\"fr-FR\"}]}<\/script>\n<!-- \/ Yoast SEO plugin. -->","yoast_head_json":{"title":"Notre Message - RAN Network","robots":{"index":"index","follow":"follow","max-snippet":"max-snippet:-1","max-image-preview":"max-image-preview:large","max-video-preview":"max-video-preview:-1"},"canonical":"https:\/\/rannetwork.com\/fr\/message\/","og_locale":"fr_FR","og_type":"article","og_title":"Notre Message - RAN Network","og_description":"[vc_row type=\u00a0\u00bbin_container\u00a0\u00bb full_screen_row_position=\u00a0\u00bbmiddle\u00a0\u00bb column_margin=\u00a0\u00bbdefault\u00a0\u00bb column_direction=\u00a0\u00bbdefault\u00a0\u00bb column_direction_tablet=\u00a0\u00bbdefault\u00a0\u00bb column_direction_phone=\u00a0\u00bbdefault\u00a0\u00bb scene_position=\u00a0\u00bbcenter\u00a0\u00bb top_padding=\u00a0\u00bb50&Prime; bottom_padding=\u00a0\u00bb50&Prime; text_color=\u00a0\u00bbdark\u00a0\u00bb text_align=\u00a0\u00bbleft\u00a0\u00bb row_border_radius=\u00a0\u00bbnone\u00a0\u00bb row_border_radius_applies=\u00a0\u00bbbg\u00a0\u00bb overlay_strength=\u00a0\u00bb0.3&Prime;...","og_url":"https:\/\/rannetwork.com\/fr\/message\/","og_site_name":"RAN Network","article_modified_time":"2020-05-08T20:40:47+00:00","twitter_card":"summary_large_image","twitter_misc":{"Dur\u00e9e de lecture estim\u00e9e":"1 minute"},"schema":{"@context":"https:\/\/schema.org","@graph":[{"@type":"WebPage","@id":"https:\/\/rannetwork.com\/fr\/message\/","url":"https:\/\/rannetwork.com\/fr\/message\/","name":"Notre Message - RAN Network","isPartOf":{"@id":"https:\/\/rannetwork.com\/#website"},"datePublished":"2016-04-30T04:23:22+00:00","dateModified":"2020-05-08T20:40:47+00:00","breadcrumb":{"@id":"https:\/\/rannetwork.com\/fr\/message\/#breadcrumb"},"inLanguage":"fr-FR","potentialAction":[{"@type":"ReadAction","target":["https:\/\/rannetwork.com\/fr\/message\/"]}]},{"@type":"BreadcrumbList","@id":"https:\/\/rannetwork.com\/fr\/message\/#breadcrumb","itemListElement":[{"@type":"ListItem","position":1,"name":"Home","item":"https:\/\/rannetwork.com\/fr\/"},{"@type":"ListItem","position":2,"name":"Notre Message"}]},{"@type":"WebSite","@id":"https:\/\/rannetwork.com\/#website","url":"https:\/\/rannetwork.com\/","name":"RAN Network","description":"","potentialAction":[{"@type":"SearchAction","target":{"@type":"EntryPoint","urlTemplate":"https:\/\/rannetwork.com\/?s={search_term_string}"},"query-input":{"@type":"PropertyValueSpecification","valueRequired":true,"valueName":"search_term_string"}}],"inLanguage":"fr-FR"}]}},"_links":{"self":[{"href":"https:\/\/rannetwork.com\/fr\/wp-json\/wp\/v2\/pages\/1340","targetHints":{"allow":["GET"]}}],"collection":[{"href":"https:\/\/rannetwork.com\/fr\/wp-json\/wp\/v2\/pages"}],"about":[{"href":"https:\/\/rannetwork.com\/fr\/wp-json\/wp\/v2\/types\/page"}],"author":[{"embeddable":true,"href":"https:\/\/rannetwork.com\/fr\/wp-json\/wp\/v2\/users\/1"}],"replies":[{"embeddable":true,"href":"https:\/\/rannetwork.com\/fr\/wp-json\/wp\/v2\/comments?post=1340"}],"version-history":[{"count":4,"href":"https:\/\/rannetwork.com\/fr\/wp-json\/wp\/v2\/pages\/1340\/revisions"}],"predecessor-version":[{"id":1564,"href":"https:\/\/rannetwork.com\/fr\/wp-json\/wp\/v2\/pages\/1340\/revisions\/1564"}],"wp:attachment":[{"href":"https:\/\/rannetwork.com\/fr\/wp-json\/wp\/v2\/media?parent=1340"}],"curies":[{"name":"wp","href":"https:\/\/api.w.org\/{rel}","templated":true}]}}