{"id":1339,"date":"2016-04-29T22:23:31","date_gmt":"2016-04-30T04:23:31","guid":{"rendered":"https:\/\/www.rannetwork.com\/donate\/"},"modified":"2023-04-20T11:50:10","modified_gmt":"2023-04-20T17:50:10","slug":"donner","status":"publish","type":"page","link":"https:\/\/rannetwork.com\/fr\/donner\/","title":{"rendered":"Faire un don"},"content":{"rendered":"[vc_row type=\u00a0\u00bbin_container\u00a0\u00bb full_screen_row_position=\u00a0\u00bbmiddle\u00a0\u00bb column_margin=\u00a0\u00bbdefault\u00a0\u00bb column_direction=\u00a0\u00bbdefault\u00a0\u00bb column_direction_tablet=\u00a0\u00bbdefault\u00a0\u00bb column_direction_phone=\u00a0\u00bbdefault\u00a0\u00bb scene_position=\u00a0\u00bbcenter\u00a0\u00bb text_color=\u00a0\u00bbdark\u00a0\u00bb text_align=\u00a0\u00bbleft\u00a0\u00bb row_border_radius=\u00a0\u00bbnone\u00a0\u00bb row_border_radius_applies=\u00a0\u00bbbg\u00a0\u00bb overflow=\u00a0\u00bbvisible\u00a0\u00bb overlay_strength=\u00a0\u00bb0.3&Prime; gradient_direction=\u00a0\u00bbleft_to_right\u00a0\u00bb shape_divider_position=\u00a0\u00bbbottom\u00a0\u00bb bg_image_animation=\u00a0\u00bbnone\u00a0\u00bb][vc_column right_padding_desktop=\u00a0\u00bb5%\u00a0\u00bb column_element_direction_desktop=\u00a0\u00bbdefault\u00a0\u00bb column_element_spacing=\u00a0\u00bbdefault\u00a0\u00bb desktop_text_alignment=\u00a0\u00bbdefault\u00a0\u00bb tablet_text_alignment=\u00a0\u00bbdefault\u00a0\u00bb phone_text_alignment=\u00a0\u00bbdefault\u00a0\u00bb background_color_opacity=\u00a0\u00bb1&Prime; background_hover_color_opacity=\u00a0\u00bb1&Prime; column_backdrop_filter=\u00a0\u00bbnone\u00a0\u00bb column_shadow=\u00a0\u00bbnone\u00a0\u00bb column_border_radius=\u00a0\u00bbnone\u00a0\u00bb column_link_target=\u00a0\u00bb_self\u00a0\u00bb column_position=\u00a0\u00bbdefault\u00a0\u00bb gradient_direction=\u00a0\u00bbleft_to_right\u00a0\u00bb overlay_strength=\u00a0\u00bb0.3&Prime; width=\u00a0\u00bb2\/3&Prime; tablet_width_inherit=\u00a0\u00bbdefault\u00a0\u00bb animation_type=\u00a0\u00bbdefault\u00a0\u00bb bg_image_animation=\u00a0\u00bbnone\u00a0\u00bb border_type=\u00a0\u00bbsimple\u00a0\u00bb column_border_width=\u00a0\u00bbnone\u00a0\u00bb column_border_style=\u00a0\u00bbsolid\u00a0\u00bb column_padding_type=\u00a0\u00bbadvanced\u00a0\u00bb gradient_type=\u00a0\u00bbdefault\u00a0\u00bb][vc_column_text]\n<h1>Faire un don<\/h1>\n<p>S\u00e9lectionnez la destination de votre don \u00e0 partir des options ci- dessous.<\/p>\n<p><strong>Si vous avez d\u00e9j\u00e0 fait un don \u00e0 NAR et que vous avez besoin de mettre \u00e0 jour vos donn\u00e9es de carte de cr\u00e9dit, une date d\u2019expiration ou autres coordonn\u00e9es, veuillez nous contacter \u00e0 <a href=\"mailto:donations@rannetwork.com\">donations@rannetwork.com<\/a> ou directement au 1-888-462-7726. Veuillez NE PAS faire de nouveau don en mettant \u00e0 jour l\u2019un ou l\u2019autre de ces champs car votre don pourrait alors \u00eatre compt\u00e9 en double.<\/strong><\/p>\n<p>S\u2019il est enti\u00e8rement pourvu \u00e0 un projet d\u00e9sign\u00e9, NAR se r\u00e9serve le droit de rediriger tout surplus vers un autre projet n\u2019\u00e9tant pas encore enti\u00e8rement financ\u00e9.<\/p>\n<a class=\"nectar-button n-sc-button large accent-color regular-button\" target=\"_blank\" href=\"https:\/\/www.rannetwork.com\/wp-content\/uploads\/2020\/11\/French-RAN-Donation-Form-fillable.pdf\" data-color-override=\"false\" data-hover-color-override=\"false\" data-hover-text-color-override=\"#fff\"><span>Formulaire de don NAR (\u00e0 remplir)<\/span><\/a>[\/vc_column_text][\/vc_column][vc_column column_padding=\u00a0\u00bbno-extra-padding\u00a0\u00bb column_padding_tablet=\u00a0\u00bbinherit\u00a0\u00bb column_padding_phone=\u00a0\u00bbinherit\u00a0\u00bb column_padding_position=\u00a0\u00bball\u00a0\u00bb column_element_direction_desktop=\u00a0\u00bbdefault\u00a0\u00bb column_element_spacing=\u00a0\u00bbdefault\u00a0\u00bb desktop_text_alignment=\u00a0\u00bbdefault\u00a0\u00bb tablet_text_alignment=\u00a0\u00bbdefault\u00a0\u00bb phone_text_alignment=\u00a0\u00bbdefault\u00a0\u00bb background_color_opacity=\u00a0\u00bb1&Prime; background_hover_color_opacity=\u00a0\u00bb1&Prime; column_backdrop_filter=\u00a0\u00bbnone\u00a0\u00bb column_shadow=\u00a0\u00bbnone\u00a0\u00bb column_border_radius=\u00a0\u00bbnone\u00a0\u00bb column_link_target=\u00a0\u00bb_self\u00a0\u00bb column_position=\u00a0\u00bbdefault\u00a0\u00bb gradient_direction=\u00a0\u00bbleft_to_right\u00a0\u00bb overlay_strength=\u00a0\u00bb0.3&Prime; width=\u00a0\u00bb1\/3&Prime; tablet_width_inherit=\u00a0\u00bbdefault\u00a0\u00bb animation_type=\u00a0\u00bbdefault\u00a0\u00bb bg_image_animation=\u00a0\u00bbnone\u00a0\u00bb border_type=\u00a0\u00bbsimple\u00a0\u00bb column_border_width=\u00a0\u00bbnone\u00a0\u00bb column_border_style=\u00a0\u00bbsolid\u00a0\u00bb][divider line_type=\u00a0\u00bbNo Line\u00a0\u00bb custom_height=\u00a0\u00bb50&Prime;][vc_column_text]\n<h4>\u00cates-vous aux \u00c9tats-Unis?<\/h4>\n<p>Si vous \u00eates aux \u00c9tats-Unis, vous pouvez faire un don \u00e0 NAR en utilisant la page de dons du site web de RPEC International et choisir Random Access Networks ou un code de projet fourni pr\u00e9c\u00e9demment, \u00e0 partir du menu d\u00e9roulant. Les dons d\u00e9sign\u00e9s peuvent aussi \u00eatre dirig\u00e9s sur RPEC en nous \u00e9crivant \u00e0 <a href=\"mailto:donations@rannetwork.com\"> donations@rannetwork.com<\/a>.<\/p>\n<a class=\"nectar-button n-sc-button small accent-color regular-button\" target=\"_blank\" href=\"https:\/\/rpecinternational.org\/donate\/\" data-color-override=\"false\" data-hover-color-override=\"false\" data-hover-text-color-override=\"#fff\"><span>RPEC International<\/span><\/a>[\/vc_column_text][\/vc_column][\/vc_row][vc_row type=\u00a0\u00bbin_container\u00a0\u00bb full_screen_row_position=\u00a0\u00bbmiddle\u00a0\u00bb column_margin=\u00a0\u00bbdefault\u00a0\u00bb equal_height=\u00a0\u00bbyes\u00a0\u00bb column_direction=\u00a0\u00bbdefault\u00a0\u00bb column_direction_tablet=\u00a0\u00bbdefault\u00a0\u00bb column_direction_phone=\u00a0\u00bbdefault\u00a0\u00bb scene_position=\u00a0\u00bbcenter\u00a0\u00bb text_color=\u00a0\u00bblight\u00a0\u00bb text_align=\u00a0\u00bbleft\u00a0\u00bb row_border_radius=\u00a0\u00bbnone\u00a0\u00bb row_border_radius_applies=\u00a0\u00bbbg\u00a0\u00bb overflow=\u00a0\u00bbvisible\u00a0\u00bb overlay_strength=\u00a0\u00bb0.3&Prime; gradient_direction=\u00a0\u00bbleft_to_right\u00a0\u00bb shape_divider_position=\u00a0\u00bbbottom\u00a0\u00bb bg_image_animation=\u00a0\u00bbnone\u00a0\u00bb gradient_type=\u00a0\u00bbdefault\u00a0\u00bb shape_type=\u00a0\u00bb\u00a0\u00bb][vc_column top_padding_desktop=\u00a0\u00bb50px\u00a0\u00bb constrain_group_100=\u00a0\u00bbyes\u00a0\u00bb bottom_padding_desktop=\u00a0\u00bb50px\u00a0\u00bb left_padding_desktop=\u00a0\u00bb4%\u00a0\u00bb constrain_group_101=\u00a0\u00bbyes\u00a0\u00bb right_padding_desktop=\u00a0\u00bb4%\u00a0\u00bb column_element_direction_desktop=\u00a0\u00bbdefault\u00a0\u00bb column_element_spacing=\u00a0\u00bbdefault\u00a0\u00bb centered_text=\u00a0\u00bbtrue\u00a0\u00bb desktop_text_alignment=\u00a0\u00bbdefault\u00a0\u00bb tablet_text_alignment=\u00a0\u00bbdefault\u00a0\u00bb phone_text_alignment=\u00a0\u00bbdefault\u00a0\u00bb background_color=\u00a0\u00bb#3f7e9e\u00a0\u00bb background_color_opacity=\u00a0\u00bb1&Prime; background_color_hover=\u00a0\u00bb#3f7e9e\u00a0\u00bb background_hover_color_opacity=\u00a0\u00bb0.7&Prime; column_backdrop_filter=\u00a0\u00bbnone\u00a0\u00bb font_color=\u00a0\u00bb#ffffff\u00a0\u00bb column_shadow=\u00a0\u00bbnone\u00a0\u00bb column_border_radius=\u00a0\u00bbnone\u00a0\u00bb column_link_target=\u00a0\u00bb_self\u00a0\u00bb column_position=\u00a0\u00bbdefault\u00a0\u00bb gradient_direction=\u00a0\u00bbleft_to_right\u00a0\u00bb overlay_strength=\u00a0\u00bb0.3&Prime; width=\u00a0\u00bb1\/4&Prime; tablet_width_inherit=\u00a0\u00bbdefault\u00a0\u00bb animation_type=\u00a0\u00bbdefault\u00a0\u00bb bg_image_animation=\u00a0\u00bbnone\u00a0\u00bb border_type=\u00a0\u00bbsimple\u00a0\u00bb column_border_width=\u00a0\u00bbnone\u00a0\u00bb column_border_style=\u00a0\u00bbsolid\u00a0\u00bb column_link=\u00a0\u00bb\/donate\/general\u00a0\u00bb column_padding_type=\u00a0\u00bbadvanced\u00a0\u00bb gradient_type=\u00a0\u00bbdefault\u00a0\u00bb][vc_raw_html]JTNDaSUyMGNsYXNzJTNEJTIyZmElMjBmYS1naWZ0JTIwZmEtM3glMjIlM0UlM0MlMkZpJTNF[\/vc_raw_html][vc_column_text]\n<h2 style=\"text-align: center;\">Projets de NAR<\/h2>\n<p style=\"text-align: center;\">En contribuant \u00e0 ce fonds, vous renforcez des projets sp\u00e9cifiques qui ouvrent des portes \u00e0 la formation de disciples dans des contextes restreints.<\/p>\n[\/vc_column_text][\/vc_column][vc_column top_padding_desktop=\u00a0\u00bb50px\u00a0\u00bb constrain_group_100=\u00a0\u00bbyes\u00a0\u00bb bottom_padding_desktop=\u00a0\u00bb50px\u00a0\u00bb left_padding_desktop=\u00a0\u00bb4%\u00a0\u00bb constrain_group_101=\u00a0\u00bbyes\u00a0\u00bb right_padding_desktop=\u00a0\u00bb4%\u00a0\u00bb column_element_direction_desktop=\u00a0\u00bbdefault\u00a0\u00bb column_element_spacing=\u00a0\u00bbdefault\u00a0\u00bb centered_text=\u00a0\u00bbtrue\u00a0\u00bb desktop_text_alignment=\u00a0\u00bbdefault\u00a0\u00bb tablet_text_alignment=\u00a0\u00bbdefault\u00a0\u00bb phone_text_alignment=\u00a0\u00bbdefault\u00a0\u00bb background_color=\u00a0\u00bb#3ba6dc\u00a0\u00bb background_color_opacity=\u00a0\u00bb1&Prime; background_color_hover=\u00a0\u00bb#3ba6dc\u00a0\u00bb background_hover_color_opacity=\u00a0\u00bb0.6&Prime; column_backdrop_filter=\u00a0\u00bbnone\u00a0\u00bb font_color=\u00a0\u00bb#ffffff\u00a0\u00bb column_shadow=\u00a0\u00bbnone\u00a0\u00bb column_border_radius=\u00a0\u00bbnone\u00a0\u00bb column_link_target=\u00a0\u00bb_self\u00a0\u00bb column_position=\u00a0\u00bbdefault\u00a0\u00bb gradient_direction=\u00a0\u00bbleft_to_right\u00a0\u00bb overlay_strength=\u00a0\u00bb0.3&Prime; width=\u00a0\u00bb1\/4&Prime; tablet_width_inherit=\u00a0\u00bbdefault\u00a0\u00bb animation_type=\u00a0\u00bbdefault\u00a0\u00bb bg_image_animation=\u00a0\u00bbnone\u00a0\u00bb border_type=\u00a0\u00bbsimple\u00a0\u00bb column_border_width=\u00a0\u00bbnone\u00a0\u00bb column_border_style=\u00a0\u00bbsolid\u00a0\u00bb column_link=\u00a0\u00bb\/donate\/gw\u00a0\u00bb column_padding_type=\u00a0\u00bbadvanced\u00a0\u00bb gradient_type=\u00a0\u00bbdefault\u00a0\u00bb][vc_raw_html]JTNDaSUyMGNsYXNzJTNEJTIyZmElMjBmYS1nbG9iZSUyMGZhLTN4JTIyJTNFJTNDJTJGaSUzRQ==[\/vc_raw_html][vc_column_text]\n<h2 style=\"text-align: center;\">Ouvriers Internationaux<\/h2>\n<p style=\"text-align: center;\">Merci pour votre partenariat avec un ou plusieurs des membres exceptionnels du personnel NAR.<\/p>\n[\/vc_column_text][\/vc_column][vc_column top_padding_desktop=\u00a0\u00bb50px\u00a0\u00bb constrain_group_100=\u00a0\u00bbyes\u00a0\u00bb bottom_padding_desktop=\u00a0\u00bb50px\u00a0\u00bb left_padding_desktop=\u00a0\u00bb4%\u00a0\u00bb constrain_group_101=\u00a0\u00bbyes\u00a0\u00bb right_padding_desktop=\u00a0\u00bb4%\u00a0\u00bb column_element_direction_desktop=\u00a0\u00bbdefault\u00a0\u00bb column_element_spacing=\u00a0\u00bbdefault\u00a0\u00bb centered_text=\u00a0\u00bbtrue\u00a0\u00bb desktop_text_alignment=\u00a0\u00bbdefault\u00a0\u00bb tablet_text_alignment=\u00a0\u00bbdefault\u00a0\u00bb phone_text_alignment=\u00a0\u00bbdefault\u00a0\u00bb background_color=\u00a0\u00bb#3ebe48&Prime; background_color_opacity=\u00a0\u00bb1&Prime; background_color_hover=\u00a0\u00bb#3ebe48&Prime; background_hover_color_opacity=\u00a0\u00bb0.6&Prime; column_backdrop_filter=\u00a0\u00bbnone\u00a0\u00bb font_color=\u00a0\u00bb#ffffff\u00a0\u00bb column_shadow=\u00a0\u00bbnone\u00a0\u00bb column_border_radius=\u00a0\u00bbnone\u00a0\u00bb column_link_target=\u00a0\u00bb_self\u00a0\u00bb column_position=\u00a0\u00bbdefault\u00a0\u00bb gradient_direction=\u00a0\u00bbleft_to_right\u00a0\u00bb overlay_strength=\u00a0\u00bb0.3&Prime; width=\u00a0\u00bb1\/4&Prime; tablet_width_inherit=\u00a0\u00bbdefault\u00a0\u00bb animation_type=\u00a0\u00bbdefault\u00a0\u00bb bg_image_animation=\u00a0\u00bbnone\u00a0\u00bb border_type=\u00a0\u00bbsimple\u00a0\u00bb column_border_width=\u00a0\u00bbnone\u00a0\u00bb column_border_style=\u00a0\u00bbsolid\u00a0\u00bb column_link=\u00a0\u00bb\/donate\/can\u00a0\u00bb column_padding_type=\u00a0\u00bbadvanced\u00a0\u00bb gradient_type=\u00a0\u00bbdefault\u00a0\u00bb][vc_raw_html]JTNDaSUyMGNsYXNzJTNEJTIyZmFiJTIwZmEtY2FuYWRpYW4tbWFwbGUtbGVhZiUyMGZhLTN4JTIyJTNFJTNDJTJGaSUzRQ==[\/vc_raw_html][vc_column_text]\n<h2 style=\"text-align: center;\">Personnel Canadien<\/h2>\n<p style=\"text-align: center;\">Merci de vous associer \u00e0 un ou plusieurs membres de l&rsquo;\u00e9quipe canadienne de RAN alors qu&rsquo;ils dirigent et soutiennent notre personnel travaillant dans le monde entier.<\/p>\n[\/vc_column_text][\/vc_column][vc_column top_padding_desktop=\u00a0\u00bb50px\u00a0\u00bb constrain_group_100=\u00a0\u00bbyes\u00a0\u00bb bottom_padding_desktop=\u00a0\u00bb50px\u00a0\u00bb left_padding_desktop=\u00a0\u00bb4%\u00a0\u00bb constrain_group_101=\u00a0\u00bbyes\u00a0\u00bb right_padding_desktop=\u00a0\u00bb4%\u00a0\u00bb column_element_direction_desktop=\u00a0\u00bbdefault\u00a0\u00bb column_element_spacing=\u00a0\u00bbdefault\u00a0\u00bb centered_text=\u00a0\u00bbtrue\u00a0\u00bb desktop_text_alignment=\u00a0\u00bbdefault\u00a0\u00bb tablet_text_alignment=\u00a0\u00bbdefault\u00a0\u00bb phone_text_alignment=\u00a0\u00bbdefault\u00a0\u00bb background_color=\u00a0\u00bb#3f7e9e\u00a0\u00bb background_color_opacity=\u00a0\u00bb1&Prime; background_color_hover=\u00a0\u00bb#3f7e9e\u00a0\u00bb background_hover_color_opacity=\u00a0\u00bb0.7&Prime; column_backdrop_filter=\u00a0\u00bbnone\u00a0\u00bb font_color=\u00a0\u00bb#ffffff\u00a0\u00bb column_shadow=\u00a0\u00bbnone\u00a0\u00bb column_border_radius=\u00a0\u00bbnone\u00a0\u00bb column_link_target=\u00a0\u00bb_self\u00a0\u00bb column_position=\u00a0\u00bbdefault\u00a0\u00bb gradient_direction=\u00a0\u00bbleft_to_right\u00a0\u00bb overlay_strength=\u00a0\u00bb0.3&Prime; width=\u00a0\u00bb1\/4&Prime; tablet_width_inherit=\u00a0\u00bbdefault\u00a0\u00bb animation_type=\u00a0\u00bbdefault\u00a0\u00bb bg_image_animation=\u00a0\u00bbnone\u00a0\u00bb border_type=\u00a0\u00bbsimple\u00a0\u00bb column_border_width=\u00a0\u00bbnone\u00a0\u00bb column_border_style=\u00a0\u00bbsolid\u00a0\u00bb column_padding_type=\u00a0\u00bbadvanced\u00a0\u00bb gradient_type=\u00a0\u00bbdefault\u00a0\u00bb column_link=\u00a0\u00bb\/donate\/rd\u00a0\u00bb][vc_raw_html]JTNDaSUyMGNsYXNzJTNEJTIyZmElMjBmYS11c2VycyUyMGZhLTN4JTIyJTNFJTNDJTJGaSUzRQ==[\/vc_raw_html][vc_column_text]\n<h2 style=\"text-align: center;\">Au Plus Urgent<\/h2>\n<p style=\"text-align: center;\">En contribuant \u00e0 ce fonds, vous fournissez les ressources n\u00e9cessaires pour lancer de nouveaux Ouvriers Mondiaux pour faire avancer l&rsquo;\u00e9vangile parmi les peuples les moins atteints.<\/p>\n[\/vc_column_text][\/vc_column][\/vc_row]\n","protected":false},"excerpt":{"rendered":"<p>[vc_row type=\u00a0\u00bbin_container\u00a0\u00bb full_screen_row_position=\u00a0\u00bbmiddle\u00a0\u00bb column_margin=\u00a0\u00bbdefault\u00a0\u00bb column_direction=\u00a0\u00bbdefault\u00a0\u00bb column_direction_tablet=\u00a0\u00bbdefault\u00a0\u00bb column_direction_phone=\u00a0\u00bbdefault\u00a0\u00bb scene_position=\u00a0\u00bbcenter\u00a0\u00bb text_color=\u00a0\u00bbdark\u00a0\u00bb text_align=\u00a0\u00bbleft\u00a0\u00bb row_border_radius=\u00a0\u00bbnone\u00a0\u00bb row_border_radius_applies=\u00a0\u00bbbg\u00a0\u00bb overflow=\u00a0\u00bbvisible\u00a0\u00bb overlay_strength=\u00a0\u00bb0.3&Prime;&#8230;<\/p>\n","protected":false},"author":1,"featured_media":0,"parent":0,"menu_order":0,"comment_status":"closed","ping_status":"closed","template":"","meta":{"_acf_changed":false,"footnotes":""},"class_list":["post-1339","page","type-page","status-publish"],"acf":[],"yoast_head":"<!-- This site is optimized with the Yoast SEO plugin v27.4 - https:\/\/yoast.com\/product\/yoast-seo-wordpress\/ -->\n<title>Faire un don - RAN Network<\/title>\n<meta name=\"robots\" content=\"index, follow, max-snippet:-1, max-image-preview:large, max-video-preview:-1\" \/>\n<link rel=\"canonical\" href=\"https:\/\/rannetwork.com\/fr\/donner\/\" \/>\n<meta property=\"og:locale\" content=\"fr_FR\" \/>\n<meta property=\"og:type\" content=\"article\" \/>\n<meta property=\"og:title\" content=\"Faire un don - RAN Network\" \/>\n<meta property=\"og:description\" content=\"[vc_row type=\u00a0\u00bbin_container\u00a0\u00bb full_screen_row_position=\u00a0\u00bbmiddle\u00a0\u00bb column_margin=\u00a0\u00bbdefault\u00a0\u00bb column_direction=\u00a0\u00bbdefault\u00a0\u00bb column_direction_tablet=\u00a0\u00bbdefault\u00a0\u00bb column_direction_phone=\u00a0\u00bbdefault\u00a0\u00bb scene_position=\u00a0\u00bbcenter\u00a0\u00bb text_color=\u00a0\u00bbdark\u00a0\u00bb text_align=\u00a0\u00bbleft\u00a0\u00bb row_border_radius=\u00a0\u00bbnone\u00a0\u00bb row_border_radius_applies=\u00a0\u00bbbg\u00a0\u00bb overflow=\u00a0\u00bbvisible\u00a0\u00bb overlay_strength=\u00a0\u00bb0.3&Prime;...\" \/>\n<meta property=\"og:url\" content=\"https:\/\/rannetwork.com\/fr\/donner\/\" \/>\n<meta property=\"og:site_name\" content=\"RAN Network\" \/>\n<meta property=\"article:modified_time\" content=\"2023-04-20T17:50:10+00:00\" \/>\n<meta name=\"twitter:card\" content=\"summary_large_image\" \/>\n<meta name=\"twitter:label1\" content=\"Dur\u00e9e de lecture estim\u00e9e\" \/>\n\t<meta name=\"twitter:data1\" content=\"6 minutes\" \/>\n<script type=\"application\/ld+json\" class=\"yoast-schema-graph\">{\"@context\":\"https:\\\/\\\/schema.org\",\"@graph\":[{\"@type\":\"WebPage\",\"@id\":\"https:\\\/\\\/rannetwork.com\\\/fr\\\/donner\\\/\",\"url\":\"https:\\\/\\\/rannetwork.com\\\/fr\\\/donner\\\/\",\"name\":\"Faire un don - RAN Network\",\"isPartOf\":{\"@id\":\"https:\\\/\\\/rannetwork.com\\\/#website\"},\"datePublished\":\"2016-04-30T04:23:31+00:00\",\"dateModified\":\"2023-04-20T17:50:10+00:00\",\"breadcrumb\":{\"@id\":\"https:\\\/\\\/rannetwork.com\\\/fr\\\/donner\\\/#breadcrumb\"},\"inLanguage\":\"fr-FR\",\"potentialAction\":[{\"@type\":\"ReadAction\",\"target\":[\"https:\\\/\\\/rannetwork.com\\\/fr\\\/donner\\\/\"]}]},{\"@type\":\"BreadcrumbList\",\"@id\":\"https:\\\/\\\/rannetwork.com\\\/fr\\\/donner\\\/#breadcrumb\",\"itemListElement\":[{\"@type\":\"ListItem\",\"position\":1,\"name\":\"Home\",\"item\":\"https:\\\/\\\/rannetwork.com\\\/fr\\\/\"},{\"@type\":\"ListItem\",\"position\":2,\"name\":\"Faire un don\"}]},{\"@type\":\"WebSite\",\"@id\":\"https:\\\/\\\/rannetwork.com\\\/#website\",\"url\":\"https:\\\/\\\/rannetwork.com\\\/\",\"name\":\"RAN Network\",\"description\":\"\",\"potentialAction\":[{\"@type\":\"SearchAction\",\"target\":{\"@type\":\"EntryPoint\",\"urlTemplate\":\"https:\\\/\\\/rannetwork.com\\\/?s={search_term_string}\"},\"query-input\":{\"@type\":\"PropertyValueSpecification\",\"valueRequired\":true,\"valueName\":\"search_term_string\"}}],\"inLanguage\":\"fr-FR\"}]}<\/script>\n<!-- \/ Yoast SEO plugin. -->","yoast_head_json":{"title":"Faire un don - RAN Network","robots":{"index":"index","follow":"follow","max-snippet":"max-snippet:-1","max-image-preview":"max-image-preview:large","max-video-preview":"max-video-preview:-1"},"canonical":"https:\/\/rannetwork.com\/fr\/donner\/","og_locale":"fr_FR","og_type":"article","og_title":"Faire un don - RAN Network","og_description":"[vc_row type=\u00a0\u00bbin_container\u00a0\u00bb full_screen_row_position=\u00a0\u00bbmiddle\u00a0\u00bb column_margin=\u00a0\u00bbdefault\u00a0\u00bb column_direction=\u00a0\u00bbdefault\u00a0\u00bb column_direction_tablet=\u00a0\u00bbdefault\u00a0\u00bb column_direction_phone=\u00a0\u00bbdefault\u00a0\u00bb scene_position=\u00a0\u00bbcenter\u00a0\u00bb text_color=\u00a0\u00bbdark\u00a0\u00bb text_align=\u00a0\u00bbleft\u00a0\u00bb row_border_radius=\u00a0\u00bbnone\u00a0\u00bb row_border_radius_applies=\u00a0\u00bbbg\u00a0\u00bb overflow=\u00a0\u00bbvisible\u00a0\u00bb overlay_strength=\u00a0\u00bb0.3&Prime;...","og_url":"https:\/\/rannetwork.com\/fr\/donner\/","og_site_name":"RAN Network","article_modified_time":"2023-04-20T17:50:10+00:00","twitter_card":"summary_large_image","twitter_misc":{"Dur\u00e9e de lecture estim\u00e9e":"6 minutes"},"schema":{"@context":"https:\/\/schema.org","@graph":[{"@type":"WebPage","@id":"https:\/\/rannetwork.com\/fr\/donner\/","url":"https:\/\/rannetwork.com\/fr\/donner\/","name":"Faire un don - RAN Network","isPartOf":{"@id":"https:\/\/rannetwork.com\/#website"},"datePublished":"2016-04-30T04:23:31+00:00","dateModified":"2023-04-20T17:50:10+00:00","breadcrumb":{"@id":"https:\/\/rannetwork.com\/fr\/donner\/#breadcrumb"},"inLanguage":"fr-FR","potentialAction":[{"@type":"ReadAction","target":["https:\/\/rannetwork.com\/fr\/donner\/"]}]},{"@type":"BreadcrumbList","@id":"https:\/\/rannetwork.com\/fr\/donner\/#breadcrumb","itemListElement":[{"@type":"ListItem","position":1,"name":"Home","item":"https:\/\/rannetwork.com\/fr\/"},{"@type":"ListItem","position":2,"name":"Faire un don"}]},{"@type":"WebSite","@id":"https:\/\/rannetwork.com\/#website","url":"https:\/\/rannetwork.com\/","name":"RAN Network","description":"","potentialAction":[{"@type":"SearchAction","target":{"@type":"EntryPoint","urlTemplate":"https:\/\/rannetwork.com\/?s={search_term_string}"},"query-input":{"@type":"PropertyValueSpecification","valueRequired":true,"valueName":"search_term_string"}}],"inLanguage":"fr-FR"}]}},"_links":{"self":[{"href":"https:\/\/rannetwork.com\/fr\/wp-json\/wp\/v2\/pages\/1339","targetHints":{"allow":["GET"]}}],"collection":[{"href":"https:\/\/rannetwork.com\/fr\/wp-json\/wp\/v2\/pages"}],"about":[{"href":"https:\/\/rannetwork.com\/fr\/wp-json\/wp\/v2\/types\/page"}],"author":[{"embeddable":true,"href":"https:\/\/rannetwork.com\/fr\/wp-json\/wp\/v2\/users\/1"}],"replies":[{"embeddable":true,"href":"https:\/\/rannetwork.com\/fr\/wp-json\/wp\/v2\/comments?post=1339"}],"version-history":[{"count":19,"href":"https:\/\/rannetwork.com\/fr\/wp-json\/wp\/v2\/pages\/1339\/revisions"}],"predecessor-version":[{"id":2023,"href":"https:\/\/rannetwork.com\/fr\/wp-json\/wp\/v2\/pages\/1339\/revisions\/2023"}],"wp:attachment":[{"href":"https:\/\/rannetwork.com\/fr\/wp-json\/wp\/v2\/media?parent=1339"}],"curies":[{"name":"wp","href":"https:\/\/api.w.org\/{rel}","templated":true}]}}