{"id":1331,"date":"2016-10-21T13:34:46","date_gmt":"2016-10-21T19:34:46","guid":{"rendered":"https:\/\/www.rannetwork.com\/gw\/"},"modified":"2023-04-20T12:52:17","modified_gmt":"2023-04-20T18:52:17","slug":"gw","status":"publish","type":"page","link":"https:\/\/rannetwork.com\/fr\/donner\/gw\/","title":{"rendered":"Ouvriers Internationaux"},"content":{"rendered":"[vc_row type=\u00a0\u00bbin_container\u00a0\u00bb full_screen_row_position=\u00a0\u00bbmiddle\u00a0\u00bb column_margin=\u00a0\u00bbdefault\u00a0\u00bb column_direction=\u00a0\u00bbdefault\u00a0\u00bb column_direction_tablet=\u00a0\u00bbdefault\u00a0\u00bb column_direction_phone=\u00a0\u00bbdefault\u00a0\u00bb scene_position=\u00a0\u00bbcenter\u00a0\u00bb text_color=\u00a0\u00bbdark\u00a0\u00bb text_align=\u00a0\u00bbleft\u00a0\u00bb row_border_radius=\u00a0\u00bbnone\u00a0\u00bb row_border_radius_applies=\u00a0\u00bbbg\u00a0\u00bb overflow=\u00a0\u00bbvisible\u00a0\u00bb overlay_strength=\u00a0\u00bb0.3&Prime; gradient_direction=\u00a0\u00bbleft_to_right\u00a0\u00bb shape_divider_position=\u00a0\u00bbbottom\u00a0\u00bb bg_image_animation=\u00a0\u00bbnone\u00a0\u00bb][vc_column column_padding=\u00a0\u00bbpadding-5-percent\u00a0\u00bb column_padding_tablet=\u00a0\u00bbinherit\u00a0\u00bb column_padding_phone=\u00a0\u00bbinherit\u00a0\u00bb column_padding_position=\u00a0\u00bball\u00a0\u00bb column_element_direction_desktop=\u00a0\u00bbdefault\u00a0\u00bb column_element_spacing=\u00a0\u00bbdefault\u00a0\u00bb desktop_text_alignment=\u00a0\u00bbdefault\u00a0\u00bb tablet_text_alignment=\u00a0\u00bbdefault\u00a0\u00bb phone_text_alignment=\u00a0\u00bbdefault\u00a0\u00bb background_color=\u00a0\u00bb#efefef\u00a0\u00bb background_color_opacity=\u00a0\u00bb1&Prime; background_hover_color_opacity=\u00a0\u00bb1&Prime; column_backdrop_filter=\u00a0\u00bbnone\u00a0\u00bb column_shadow=\u00a0\u00bbnone\u00a0\u00bb column_border_radius=\u00a0\u00bbnone\u00a0\u00bb column_link_target=\u00a0\u00bb_self\u00a0\u00bb column_position=\u00a0\u00bbdefault\u00a0\u00bb gradient_direction=\u00a0\u00bbleft_to_right\u00a0\u00bb overlay_strength=\u00a0\u00bb0.3&Prime; width=\u00a0\u00bb1\/2&Prime; tablet_width_inherit=\u00a0\u00bbdefault\u00a0\u00bb animation_type=\u00a0\u00bbdefault\u00a0\u00bb bg_image_animation=\u00a0\u00bbnone\u00a0\u00bb border_type=\u00a0\u00bbsimple\u00a0\u00bb column_border_width=\u00a0\u00bbnone\u00a0\u00bb column_border_style=\u00a0\u00bbsolid\u00a0\u00bb][vc_column_text]<a class=\"nectar-button n-sc-button small accent-color regular-button\"  href=\"\/donate\" data-color-override=\"false\" data-hover-color-override=\"false\" data-hover-text-color-override=\"#fff\"><span>Retourner<\/span><\/a>[\/vc_column_text][divider line_type=\u00a0\u00bbNo Line\u00a0\u00bb custom_height=\u00a0\u00bb20&Prime;][vc_column_text]\n<p><strong>L\u2019Association des r\u00e9seaux \u00e0 acc\u00e8s al\u00e9atoire est un organisme de bienfaisance canadien enregistr\u00e9 aupr\u00e8s de l\u2019Agence du revenu du Canada (#8038 38556 RR0001)<\/strong><\/p>\n<p><i class=\"fa fa-credit-card\"><\/i> Ce formulaire est uniquement r\u00e9serv\u00e9 aux transactions par carte bancaire. Pour les dons par transfert \u00e9lectronique de fonds, contactez-nous \u00e0 <a href=\"mailto:donations@rannetwork.com\" data-mce-href=\"mailto:donations@rannetwork.com\">donations@rannetwork.com<\/a> ou au 1 888 462-7726. Nous serons heureux de vous aider \u00e0 traiter votre don.<\/p>\n<p>S\u2019il est enti\u00e8rement pourvu \u00e0 un ouvrier d\u00e9sign\u00e9, NAR se r\u00e9serve le droit de rediriger tout surplus vers un autre projet n\u2019\u00e9tant pas encore enti\u00e8rement financ\u00e9.<\/p>\n[\/vc_column_text][vc_raw_html]PHNjcmlwdCB0eXBlPSJ0ZXh0L0phdmFTY3JpcHQiIHNyYz0iLy9hcHAuZXRhcGVzdHJ5LmNvbS9ob3N0ZWQvZVRhcGVzdHJ5LmNvbS9ldGFwRW1iZWRSZXNwb25zaXZlUmVzaXppbmcuanMiPjwvc2NyaXB0PjxpZnJhbWUgaWQ9ImV0YXBJZnJhbWUiIHN0eWxlPSJib3JkZXI6bm9uZTt3aWR0aDoxMDAlOyIgc3JjPSJodHRwczovL2FwcC5ldGFwZXN0cnkuY29tL29ubGluZWZvcm1zL1JhbmRvbUFjY2Vzc05ldHdvcmtBc3NvY2lhdGlvL291dnJpZXJpbnRlcm5hdGlvbmFsLmh0bWwiPjwvaWZyYW1lPg==[\/vc_raw_html][\/vc_column][vc_column column_padding=\u00a0\u00bbno-extra-padding\u00a0\u00bb column_padding_tablet=\u00a0\u00bbinherit\u00a0\u00bb column_padding_phone=\u00a0\u00bbinherit\u00a0\u00bb column_padding_position=\u00a0\u00bball\u00a0\u00bb column_element_direction_desktop=\u00a0\u00bbdefault\u00a0\u00bb column_element_spacing=\u00a0\u00bbdefault\u00a0\u00bb desktop_text_alignment=\u00a0\u00bbdefault\u00a0\u00bb tablet_text_alignment=\u00a0\u00bbdefault\u00a0\u00bb phone_text_alignment=\u00a0\u00bbdefault\u00a0\u00bb background_color_opacity=\u00a0\u00bb1&Prime; background_hover_color_opacity=\u00a0\u00bb1&Prime; column_backdrop_filter=\u00a0\u00bbnone\u00a0\u00bb column_shadow=\u00a0\u00bbnone\u00a0\u00bb column_border_radius=\u00a0\u00bbnone\u00a0\u00bb column_link_target=\u00a0\u00bb_self\u00a0\u00bb column_position=\u00a0\u00bbdefault\u00a0\u00bb gradient_direction=\u00a0\u00bbleft_to_right\u00a0\u00bb overlay_strength=\u00a0\u00bb0.3&Prime; width=\u00a0\u00bb1\/2&Prime; tablet_width_inherit=\u00a0\u00bbdefault\u00a0\u00bb animation_type=\u00a0\u00bbdefault\u00a0\u00bb bg_image_animation=\u00a0\u00bbnone\u00a0\u00bb border_type=\u00a0\u00bbsimple\u00a0\u00bb column_border_width=\u00a0\u00bbnone\u00a0\u00bb column_border_style=\u00a0\u00bbsolid\u00a0\u00bb][\/vc_column][\/vc_row]\n","protected":false},"excerpt":{"rendered":"<p>[vc_row type=\u00a0\u00bbin_container\u00a0\u00bb full_screen_row_position=\u00a0\u00bbmiddle\u00a0\u00bb column_margin=\u00a0\u00bbdefault\u00a0\u00bb column_direction=\u00a0\u00bbdefault\u00a0\u00bb column_direction_tablet=\u00a0\u00bbdefault\u00a0\u00bb column_direction_phone=\u00a0\u00bbdefault\u00a0\u00bb scene_position=\u00a0\u00bbcenter\u00a0\u00bb text_color=\u00a0\u00bbdark\u00a0\u00bb text_align=\u00a0\u00bbleft\u00a0\u00bb row_border_radius=\u00a0\u00bbnone\u00a0\u00bb row_border_radius_applies=\u00a0\u00bbbg\u00a0\u00bb overflow=\u00a0\u00bbvisible\u00a0\u00bb overlay_strength=\u00a0\u00bb0.3&Prime;&#8230;<\/p>\n","protected":false},"author":1,"featured_media":0,"parent":1339,"menu_order":0,"comment_status":"closed","ping_status":"closed","template":"","meta":{"_acf_changed":false,"footnotes":""},"class_list":["post-1331","page","type-page","status-publish"],"acf":[],"yoast_head":"<!-- This site is optimized with the Yoast SEO plugin v27.4 - https:\/\/yoast.com\/product\/yoast-seo-wordpress\/ -->\n<title>Ouvriers Internationaux - RAN Network<\/title>\n<meta name=\"robots\" content=\"index, follow, max-snippet:-1, max-image-preview:large, max-video-preview:-1\" \/>\n<link rel=\"canonical\" href=\"https:\/\/rannetwork.com\/fr\/donner\/gw\/\" \/>\n<meta property=\"og:locale\" content=\"fr_FR\" \/>\n<meta property=\"og:type\" content=\"article\" \/>\n<meta property=\"og:title\" content=\"Ouvriers Internationaux - RAN Network\" \/>\n<meta property=\"og:description\" content=\"[vc_row type=\u00a0\u00bbin_container\u00a0\u00bb full_screen_row_position=\u00a0\u00bbmiddle\u00a0\u00bb column_margin=\u00a0\u00bbdefault\u00a0\u00bb column_direction=\u00a0\u00bbdefault\u00a0\u00bb column_direction_tablet=\u00a0\u00bbdefault\u00a0\u00bb column_direction_phone=\u00a0\u00bbdefault\u00a0\u00bb scene_position=\u00a0\u00bbcenter\u00a0\u00bb text_color=\u00a0\u00bbdark\u00a0\u00bb text_align=\u00a0\u00bbleft\u00a0\u00bb row_border_radius=\u00a0\u00bbnone\u00a0\u00bb row_border_radius_applies=\u00a0\u00bbbg\u00a0\u00bb overflow=\u00a0\u00bbvisible\u00a0\u00bb overlay_strength=\u00a0\u00bb0.3&Prime;...\" \/>\n<meta property=\"og:url\" content=\"https:\/\/rannetwork.com\/fr\/donner\/gw\/\" \/>\n<meta property=\"og:site_name\" content=\"RAN Network\" \/>\n<meta property=\"article:modified_time\" content=\"2023-04-20T18:52:17+00:00\" \/>\n<meta name=\"twitter:card\" content=\"summary_large_image\" \/>\n<meta name=\"twitter:label1\" content=\"Dur\u00e9e de lecture estim\u00e9e\" \/>\n\t<meta name=\"twitter:data1\" content=\"2 minutes\" \/>\n<script type=\"application\/ld+json\" class=\"yoast-schema-graph\">{\"@context\":\"https:\\\/\\\/schema.org\",\"@graph\":[{\"@type\":\"WebPage\",\"@id\":\"https:\\\/\\\/rannetwork.com\\\/fr\\\/donner\\\/gw\\\/\",\"url\":\"https:\\\/\\\/rannetwork.com\\\/fr\\\/donner\\\/gw\\\/\",\"name\":\"Ouvriers Internationaux - RAN Network\",\"isPartOf\":{\"@id\":\"https:\\\/\\\/rannetwork.com\\\/#website\"},\"datePublished\":\"2016-10-21T19:34:46+00:00\",\"dateModified\":\"2023-04-20T18:52:17+00:00\",\"breadcrumb\":{\"@id\":\"https:\\\/\\\/rannetwork.com\\\/fr\\\/donner\\\/gw\\\/#breadcrumb\"},\"inLanguage\":\"fr-FR\",\"potentialAction\":[{\"@type\":\"ReadAction\",\"target\":[\"https:\\\/\\\/rannetwork.com\\\/fr\\\/donner\\\/gw\\\/\"]}]},{\"@type\":\"BreadcrumbList\",\"@id\":\"https:\\\/\\\/rannetwork.com\\\/fr\\\/donner\\\/gw\\\/#breadcrumb\",\"itemListElement\":[{\"@type\":\"ListItem\",\"position\":1,\"name\":\"Home\",\"item\":\"https:\\\/\\\/rannetwork.com\\\/fr\\\/\"},{\"@type\":\"ListItem\",\"position\":2,\"name\":\"Faire un don\",\"item\":\"https:\\\/\\\/rannetwork.com\\\/fr\\\/donner\\\/\"},{\"@type\":\"ListItem\",\"position\":3,\"name\":\"Ouvriers Internationaux\"}]},{\"@type\":\"WebSite\",\"@id\":\"https:\\\/\\\/rannetwork.com\\\/#website\",\"url\":\"https:\\\/\\\/rannetwork.com\\\/\",\"name\":\"RAN Network\",\"description\":\"\",\"potentialAction\":[{\"@type\":\"SearchAction\",\"target\":{\"@type\":\"EntryPoint\",\"urlTemplate\":\"https:\\\/\\\/rannetwork.com\\\/?s={search_term_string}\"},\"query-input\":{\"@type\":\"PropertyValueSpecification\",\"valueRequired\":true,\"valueName\":\"search_term_string\"}}],\"inLanguage\":\"fr-FR\"}]}<\/script>\n<!-- \/ Yoast SEO plugin. -->","yoast_head_json":{"title":"Ouvriers Internationaux - RAN Network","robots":{"index":"index","follow":"follow","max-snippet":"max-snippet:-1","max-image-preview":"max-image-preview:large","max-video-preview":"max-video-preview:-1"},"canonical":"https:\/\/rannetwork.com\/fr\/donner\/gw\/","og_locale":"fr_FR","og_type":"article","og_title":"Ouvriers Internationaux - RAN Network","og_description":"[vc_row type=\u00a0\u00bbin_container\u00a0\u00bb full_screen_row_position=\u00a0\u00bbmiddle\u00a0\u00bb column_margin=\u00a0\u00bbdefault\u00a0\u00bb column_direction=\u00a0\u00bbdefault\u00a0\u00bb column_direction_tablet=\u00a0\u00bbdefault\u00a0\u00bb column_direction_phone=\u00a0\u00bbdefault\u00a0\u00bb scene_position=\u00a0\u00bbcenter\u00a0\u00bb text_color=\u00a0\u00bbdark\u00a0\u00bb text_align=\u00a0\u00bbleft\u00a0\u00bb row_border_radius=\u00a0\u00bbnone\u00a0\u00bb row_border_radius_applies=\u00a0\u00bbbg\u00a0\u00bb overflow=\u00a0\u00bbvisible\u00a0\u00bb overlay_strength=\u00a0\u00bb0.3&Prime;...","og_url":"https:\/\/rannetwork.com\/fr\/donner\/gw\/","og_site_name":"RAN Network","article_modified_time":"2023-04-20T18:52:17+00:00","twitter_card":"summary_large_image","twitter_misc":{"Dur\u00e9e de lecture estim\u00e9e":"2 minutes"},"schema":{"@context":"https:\/\/schema.org","@graph":[{"@type":"WebPage","@id":"https:\/\/rannetwork.com\/fr\/donner\/gw\/","url":"https:\/\/rannetwork.com\/fr\/donner\/gw\/","name":"Ouvriers Internationaux - RAN Network","isPartOf":{"@id":"https:\/\/rannetwork.com\/#website"},"datePublished":"2016-10-21T19:34:46+00:00","dateModified":"2023-04-20T18:52:17+00:00","breadcrumb":{"@id":"https:\/\/rannetwork.com\/fr\/donner\/gw\/#breadcrumb"},"inLanguage":"fr-FR","potentialAction":[{"@type":"ReadAction","target":["https:\/\/rannetwork.com\/fr\/donner\/gw\/"]}]},{"@type":"BreadcrumbList","@id":"https:\/\/rannetwork.com\/fr\/donner\/gw\/#breadcrumb","itemListElement":[{"@type":"ListItem","position":1,"name":"Home","item":"https:\/\/rannetwork.com\/fr\/"},{"@type":"ListItem","position":2,"name":"Faire un don","item":"https:\/\/rannetwork.com\/fr\/donner\/"},{"@type":"ListItem","position":3,"name":"Ouvriers Internationaux"}]},{"@type":"WebSite","@id":"https:\/\/rannetwork.com\/#website","url":"https:\/\/rannetwork.com\/","name":"RAN Network","description":"","potentialAction":[{"@type":"SearchAction","target":{"@type":"EntryPoint","urlTemplate":"https:\/\/rannetwork.com\/?s={search_term_string}"},"query-input":{"@type":"PropertyValueSpecification","valueRequired":true,"valueName":"search_term_string"}}],"inLanguage":"fr-FR"}]}},"_links":{"self":[{"href":"https:\/\/rannetwork.com\/fr\/wp-json\/wp\/v2\/pages\/1331","targetHints":{"allow":["GET"]}}],"collection":[{"href":"https:\/\/rannetwork.com\/fr\/wp-json\/wp\/v2\/pages"}],"about":[{"href":"https:\/\/rannetwork.com\/fr\/wp-json\/wp\/v2\/types\/page"}],"author":[{"embeddable":true,"href":"https:\/\/rannetwork.com\/fr\/wp-json\/wp\/v2\/users\/1"}],"replies":[{"embeddable":true,"href":"https:\/\/rannetwork.com\/fr\/wp-json\/wp\/v2\/comments?post=1331"}],"version-history":[{"count":5,"href":"https:\/\/rannetwork.com\/fr\/wp-json\/wp\/v2\/pages\/1331\/revisions"}],"predecessor-version":[{"id":2032,"href":"https:\/\/rannetwork.com\/fr\/wp-json\/wp\/v2\/pages\/1331\/revisions\/2032"}],"up":[{"embeddable":true,"href":"https:\/\/rannetwork.com\/fr\/wp-json\/wp\/v2\/pages\/1339"}],"wp:attachment":[{"href":"https:\/\/rannetwork.com\/fr\/wp-json\/wp\/v2\/media?parent=1331"}],"curies":[{"name":"wp","href":"https:\/\/api.w.org\/{rel}","templated":true}]}}