{"id":1330,"date":"2016-10-25T07:25:15","date_gmt":"2016-10-25T13:25:15","guid":{"rendered":"https:\/\/www.rannetwork.com\/hs\/"},"modified":"2023-04-20T13:16:01","modified_gmt":"2023-04-20T19:16:01","slug":"can","status":"publish","type":"page","link":"https:\/\/rannetwork.com\/fr\/donner\/can\/","title":{"rendered":"Personnel Canadien"},"content":{"rendered":"[vc_row type=\u00a0\u00bbin_container\u00a0\u00bb scene_position=\u00a0\u00bbcenter\u00a0\u00bb text_color=\u00a0\u00bbdark\u00a0\u00bb text_align=\u00a0\u00bbleft\u00a0\u00bb overlay_strength=\u00a0\u00bb0.3&Prime;][vc_column column_padding=\u00a0\u00bbpadding-5-percent\u00a0\u00bb column_padding_position=\u00a0\u00bball\u00a0\u00bb background_color=\u00a0\u00bb#efefef\u00a0\u00bb background_color_opacity=\u00a0\u00bb1&Prime; background_hover_color_opacity=\u00a0\u00bb1&Prime; width=\u00a0\u00bb1\/2&Prime;][vc_column_text]<a class=\"nectar-button n-sc-button small accent-color regular-button\"  href=\"\/donate\" data-color-override=\"false\" data-hover-color-override=\"false\" data-hover-text-color-override=\"#fff\"><span>Retourner<\/span><\/a>[\/vc_column_text][divider line_type=\u00a0\u00bbNo Line\u00a0\u00bb custom_height=\u00a0\u00bb20&Prime;][vc_column_text]<strong>L\u2019Association des r\u00e9seaux \u00e0 acc\u00e8s al\u00e9atoire est un organisme de bienfaisance canadien enregistr\u00e9 aupr\u00e8s de l\u2019Agence du revenu du Canada (#8038 38556 RR0001)<\/strong><\/p>\n<p><i class=\"fa fa-credit-card\"><\/i> Ce formulaire est uniquement r\u00e9serv\u00e9 aux transactions par carte bancaire. Pour les dons par transfert \u00e9lectronique de fonds, contactez-nous \u00e0 <a href=\"mailto:donations@rannetwork.com\">donations@rannetwork.com<\/a> ou au 1 888 462-7726. Nous serons heureux de vous aider \u00e0 traiter votre don.<\/p>\n<p>S\u2019il est enti\u00e8rement pourvu \u00e0 un projet d\u00e9sign\u00e9, NAR se r\u00e9serve le droit de rediriger tout surplus vers un autre projet n\u2019\u00e9tant pas encore enti\u00e8rement financ\u00e9.[\/vc_column_text][vc_raw_html]PHNjcmlwdCB0eXBlPSJ0ZXh0L0phdmFTY3JpcHQiIHNyYz0iLy9hcHAuZXRhcGVzdHJ5LmNvbS9ob3N0ZWQvZVRhcGVzdHJ5LmNvbS9ldGFwRW1iZWRSZXNwb25zaXZlUmVzaXppbmcuanMiPjwvc2NyaXB0PjxpZnJhbWUgaWQ9ImV0YXBJZnJhbWUiIHN0eWxlPSJib3JkZXI6bm9uZTt3aWR0aDoxMDAlOyIgc3JjPSJodHRwczovL2FwcC5ldGFwZXN0cnkuY29tL29ubGluZWZvcm1zL1JhbmRvbUFjY2Vzc05ldHdvcmtBc3NvY2lhdGlvL3BlcnNvbm5lbC5odG1sIj48L2lmcmFtZT4=[\/vc_raw_html][\/vc_column][vc_column column_padding=\u00a0\u00bbno-extra-padding\u00a0\u00bb column_padding_position=\u00a0\u00bball\u00a0\u00bb background_color_opacity=\u00a0\u00bb1&Prime; background_hover_color_opacity=\u00a0\u00bb1&Prime; width=\u00a0\u00bb1\/2&Prime;][\/vc_column][\/vc_row]\n","protected":false},"excerpt":{"rendered":"<p>[vc_row type=\u00a0\u00bbin_container\u00a0\u00bb scene_position=\u00a0\u00bbcenter\u00a0\u00bb text_color=\u00a0\u00bbdark\u00a0\u00bb text_align=\u00a0\u00bbleft\u00a0\u00bb overlay_strength=\u00a0\u00bb0.3&Prime;][vc_column column_padding=\u00a0\u00bbpadding-5-percent\u00a0\u00bb column_padding_position=\u00a0\u00bball\u00a0\u00bb background_color=\u00a0\u00bb#efefef\u00a0\u00bb background_color_opacity=\u00a0\u00bb1&Prime; background_hover_color_opacity=\u00a0\u00bb1&Prime; width=\u00a0\u00bb1\/2&Prime;][vc_column_text][\/vc_column_text][divider line_type=\u00a0\u00bbNo Line\u00a0\u00bb custom_height=\u00a0\u00bb20&Prime;][vc_column_text]<strong>L\u2019Association des r\u00e9seaux \u00e0 acc\u00e8s al\u00e9atoire est un organisme de bienfaisance canadien enregistr\u00e9 aupr\u00e8s de l\u2019Agence du revenu du Canada (#8038 38556 RR0001)<\/strong><\/p>\n<p><i class=\"fa fa-credit-card\"><\/i> Ce formulaire est uniquement r\u00e9serv\u00e9 aux transactions par carte bancaire.<\/p>\n<p>&#8230;<\/p>\n","protected":false},"author":1,"featured_media":0,"parent":1339,"menu_order":0,"comment_status":"closed","ping_status":"closed","template":"","meta":{"_acf_changed":false,"footnotes":""},"class_list":["post-1330","page","type-page","status-publish"],"acf":[],"yoast_head":"<!-- This site is optimized with the Yoast SEO plugin v27.4 - https:\/\/yoast.com\/product\/yoast-seo-wordpress\/ -->\n<title>Personnel Canadien - RAN Network<\/title>\n<meta name=\"robots\" content=\"index, follow, max-snippet:-1, max-image-preview:large, max-video-preview:-1\" \/>\n<link rel=\"canonical\" href=\"https:\/\/rannetwork.com\/fr\/donner\/can\/\" \/>\n<meta property=\"og:locale\" content=\"fr_FR\" \/>\n<meta property=\"og:type\" content=\"article\" \/>\n<meta property=\"og:title\" content=\"Personnel Canadien - RAN Network\" \/>\n<meta property=\"og:description\" content=\"[vc_row type=\u00a0\u00bbin_container\u00a0\u00bb scene_position=\u00a0\u00bbcenter\u00a0\u00bb text_color=\u00a0\u00bbdark\u00a0\u00bb text_align=\u00a0\u00bbleft\u00a0\u00bb overlay_strength=\u00a0\u00bb0.3&Prime;][vc_column column_padding=\u00a0\u00bbpadding-5-percent\u00a0\u00bb column_padding_position=\u00a0\u00bball\u00a0\u00bb background_color=\u00a0\u00bb#efefef\u00a0\u00bb background_color_opacity=\u00a0\u00bb1&Prime; background_hover_color_opacity=\u00a0\u00bb1&Prime; width=\u00a0\u00bb1\/2&Prime;][vc_column_text][\/vc_column_text][divider line_type=\u00a0\u00bbNo Line\u00a0\u00bb custom_height=\u00a0\u00bb20&Prime;][vc_column_text]L\u2019Association des r\u00e9seaux \u00e0 acc\u00e8s al\u00e9atoire est un organisme de bienfaisance canadien enregistr\u00e9 aupr\u00e8s de l\u2019Agence du revenu du Canada (#8038 38556 RR0001) Ce formulaire est uniquement r\u00e9serv\u00e9 aux transactions par carte bancaire....\" \/>\n<meta property=\"og:url\" content=\"https:\/\/rannetwork.com\/fr\/donner\/can\/\" \/>\n<meta property=\"og:site_name\" content=\"RAN Network\" \/>\n<meta property=\"article:modified_time\" content=\"2023-04-20T19:16:01+00:00\" \/>\n<meta name=\"twitter:card\" content=\"summary_large_image\" \/>\n<meta name=\"twitter:label1\" content=\"Dur\u00e9e de lecture estim\u00e9e\" \/>\n\t<meta name=\"twitter:data1\" content=\"1 minute\" \/>\n<script type=\"application\/ld+json\" class=\"yoast-schema-graph\">{\"@context\":\"https:\\\/\\\/schema.org\",\"@graph\":[{\"@type\":\"WebPage\",\"@id\":\"https:\\\/\\\/rannetwork.com\\\/fr\\\/donner\\\/can\\\/\",\"url\":\"https:\\\/\\\/rannetwork.com\\\/fr\\\/donner\\\/can\\\/\",\"name\":\"Personnel Canadien - RAN Network\",\"isPartOf\":{\"@id\":\"https:\\\/\\\/rannetwork.com\\\/#website\"},\"datePublished\":\"2016-10-25T13:25:15+00:00\",\"dateModified\":\"2023-04-20T19:16:01+00:00\",\"breadcrumb\":{\"@id\":\"https:\\\/\\\/rannetwork.com\\\/fr\\\/donner\\\/can\\\/#breadcrumb\"},\"inLanguage\":\"fr-FR\",\"potentialAction\":[{\"@type\":\"ReadAction\",\"target\":[\"https:\\\/\\\/rannetwork.com\\\/fr\\\/donner\\\/can\\\/\"]}]},{\"@type\":\"BreadcrumbList\",\"@id\":\"https:\\\/\\\/rannetwork.com\\\/fr\\\/donner\\\/can\\\/#breadcrumb\",\"itemListElement\":[{\"@type\":\"ListItem\",\"position\":1,\"name\":\"Home\",\"item\":\"https:\\\/\\\/rannetwork.com\\\/fr\\\/\"},{\"@type\":\"ListItem\",\"position\":2,\"name\":\"Faire un don\",\"item\":\"https:\\\/\\\/rannetwork.com\\\/fr\\\/donner\\\/\"},{\"@type\":\"ListItem\",\"position\":3,\"name\":\"Personnel Canadien\"}]},{\"@type\":\"WebSite\",\"@id\":\"https:\\\/\\\/rannetwork.com\\\/#website\",\"url\":\"https:\\\/\\\/rannetwork.com\\\/\",\"name\":\"RAN Network\",\"description\":\"\",\"potentialAction\":[{\"@type\":\"SearchAction\",\"target\":{\"@type\":\"EntryPoint\",\"urlTemplate\":\"https:\\\/\\\/rannetwork.com\\\/?s={search_term_string}\"},\"query-input\":{\"@type\":\"PropertyValueSpecification\",\"valueRequired\":true,\"valueName\":\"search_term_string\"}}],\"inLanguage\":\"fr-FR\"}]}<\/script>\n<!-- \/ Yoast SEO plugin. -->","yoast_head_json":{"title":"Personnel Canadien - RAN Network","robots":{"index":"index","follow":"follow","max-snippet":"max-snippet:-1","max-image-preview":"max-image-preview:large","max-video-preview":"max-video-preview:-1"},"canonical":"https:\/\/rannetwork.com\/fr\/donner\/can\/","og_locale":"fr_FR","og_type":"article","og_title":"Personnel Canadien - RAN Network","og_description":"[vc_row type=\u00a0\u00bbin_container\u00a0\u00bb scene_position=\u00a0\u00bbcenter\u00a0\u00bb text_color=\u00a0\u00bbdark\u00a0\u00bb text_align=\u00a0\u00bbleft\u00a0\u00bb overlay_strength=\u00a0\u00bb0.3&Prime;][vc_column column_padding=\u00a0\u00bbpadding-5-percent\u00a0\u00bb column_padding_position=\u00a0\u00bball\u00a0\u00bb background_color=\u00a0\u00bb#efefef\u00a0\u00bb background_color_opacity=\u00a0\u00bb1&Prime; background_hover_color_opacity=\u00a0\u00bb1&Prime; width=\u00a0\u00bb1\/2&Prime;][vc_column_text][\/vc_column_text][divider line_type=\u00a0\u00bbNo Line\u00a0\u00bb custom_height=\u00a0\u00bb20&Prime;][vc_column_text]L\u2019Association des r\u00e9seaux \u00e0 acc\u00e8s al\u00e9atoire est un organisme de bienfaisance canadien enregistr\u00e9 aupr\u00e8s de l\u2019Agence du revenu du Canada (#8038 38556 RR0001) Ce formulaire est uniquement r\u00e9serv\u00e9 aux transactions par carte bancaire....","og_url":"https:\/\/rannetwork.com\/fr\/donner\/can\/","og_site_name":"RAN Network","article_modified_time":"2023-04-20T19:16:01+00:00","twitter_card":"summary_large_image","twitter_misc":{"Dur\u00e9e de lecture estim\u00e9e":"1 minute"},"schema":{"@context":"https:\/\/schema.org","@graph":[{"@type":"WebPage","@id":"https:\/\/rannetwork.com\/fr\/donner\/can\/","url":"https:\/\/rannetwork.com\/fr\/donner\/can\/","name":"Personnel Canadien - RAN Network","isPartOf":{"@id":"https:\/\/rannetwork.com\/#website"},"datePublished":"2016-10-25T13:25:15+00:00","dateModified":"2023-04-20T19:16:01+00:00","breadcrumb":{"@id":"https:\/\/rannetwork.com\/fr\/donner\/can\/#breadcrumb"},"inLanguage":"fr-FR","potentialAction":[{"@type":"ReadAction","target":["https:\/\/rannetwork.com\/fr\/donner\/can\/"]}]},{"@type":"BreadcrumbList","@id":"https:\/\/rannetwork.com\/fr\/donner\/can\/#breadcrumb","itemListElement":[{"@type":"ListItem","position":1,"name":"Home","item":"https:\/\/rannetwork.com\/fr\/"},{"@type":"ListItem","position":2,"name":"Faire un don","item":"https:\/\/rannetwork.com\/fr\/donner\/"},{"@type":"ListItem","position":3,"name":"Personnel Canadien"}]},{"@type":"WebSite","@id":"https:\/\/rannetwork.com\/#website","url":"https:\/\/rannetwork.com\/","name":"RAN Network","description":"","potentialAction":[{"@type":"SearchAction","target":{"@type":"EntryPoint","urlTemplate":"https:\/\/rannetwork.com\/?s={search_term_string}"},"query-input":{"@type":"PropertyValueSpecification","valueRequired":true,"valueName":"search_term_string"}}],"inLanguage":"fr-FR"}]}},"_links":{"self":[{"href":"https:\/\/rannetwork.com\/fr\/wp-json\/wp\/v2\/pages\/1330","targetHints":{"allow":["GET"]}}],"collection":[{"href":"https:\/\/rannetwork.com\/fr\/wp-json\/wp\/v2\/pages"}],"about":[{"href":"https:\/\/rannetwork.com\/fr\/wp-json\/wp\/v2\/types\/page"}],"author":[{"embeddable":true,"href":"https:\/\/rannetwork.com\/fr\/wp-json\/wp\/v2\/users\/1"}],"replies":[{"embeddable":true,"href":"https:\/\/rannetwork.com\/fr\/wp-json\/wp\/v2\/comments?post=1330"}],"version-history":[{"count":8,"href":"https:\/\/rannetwork.com\/fr\/wp-json\/wp\/v2\/pages\/1330\/revisions"}],"predecessor-version":[{"id":2043,"href":"https:\/\/rannetwork.com\/fr\/wp-json\/wp\/v2\/pages\/1330\/revisions\/2043"}],"up":[{"embeddable":true,"href":"https:\/\/rannetwork.com\/fr\/wp-json\/wp\/v2\/pages\/1339"}],"wp:attachment":[{"href":"https:\/\/rannetwork.com\/fr\/wp-json\/wp\/v2\/media?parent=1330"}],"curies":[{"name":"wp","href":"https:\/\/api.w.org\/{rel}","templated":true}]}}